{"id":64,"date":"2026-03-15T16:37:51","date_gmt":"2026-03-15T19:37:51","guid":{"rendered":"http:\/\/localhost:8888\/iapstudio\/?page_id=64"},"modified":"2026-04-24T00:03:10","modified_gmt":"2026-04-24T03:03:10","slug":"iap-studio","status":"publish","type":"page","link":"https:\/\/iap-studio.com\/pt\/","title":{"rendered":"IAP STUDIO"},"content":{"rendered":"<div id=\"iap-rotating-text\" class=\"iap-words\">identidade<span class=\"iap-dot\">.<\/span>\u00a0atitude<span class=\"iap-dot\">.<\/span>\u00a0personalidade<span class=\"iap-dot\">.<\/span><\/div>\n<h2 class=\"iap-statement\">Desenvolvemos sistemas de comunica\u00e7\u00e3o completos para marcas que desejam crescer de forma consistente.<\/h2>\n<h2 class=\"home-arquitetura-title\">arquitetura de marca<span class=\"title-dot\">.<\/span><\/h2>\n<h1 class=\"home-arqueitetura-new-title\">TRANSFORMANDO IDEIAS EM MARCAS DE VERDADE<\/h1>\n<p class=\"home-arquitetura-text\">Estruturamos a base estrat\u00e9gica do neg\u00f3cio e traduzimos essa estrutura em uma marca s\u00f3lida e coerente, pronta para crescer.<\/p>\n<h2 class=\"home-id-visual-title\">identidade visual<span class=\"home-id-visual-dot\">.<\/span><\/h2>\n<h1 class=\"home-id-visual-new-title\">LET&#8217;S HELP YOUR BRAND TAKE SHAPE<\/h1>\n<p class=\"home-id-visual-text\">Desenvolvemos uma identidade visual estruturada e funcional, projetada para operar em todos os pontos de contato da marca, do digital ao f\u00edsico.<\/p>\n<p>&nbsp;<\/p>\n<div class=\"home-branding-content\">\n<h2 class=\"home-branding-title\">campanhas de marca<span class=\"title-dot\">.<\/span><\/h2>\n<h1 class=\"home-branding-new-title\">IDEAS THAT GET THE BRAND MOVING<\/h1>\n<p class=\"home-branding-text\">Criamos campanhas e a\u00e7\u00f5es estrat\u00e9gicas para fortalecer o posicionamento, lan\u00e7ar ou consolidar marcas.<\/p>\n<h1 class=\"inside-iap-title\">POR DENTRO DO EST\u00daDIO IAP<\/h1>\n<p class=\"inside-iap-text\">More than just projects, IAP Studio is a space for ideas. Here you&#8217;ll find out more about who we are, how we think, and what we&#8217;re building beyond client projects.<\/p>\n<h2 class=\"inside-home-item__eyebrow\">quem somos<span class=\"dot\">.<\/span><\/h2>\n<p class=\"inside-home-item__bio\">Um est\u00fadio dedicado \u00e0 constru\u00e7\u00e3o estrat\u00e9gica de marcas \u2014 da ideia ao posicionamento, da identidade visual \u00e0 comunica\u00e7\u00e3o.<\/p>\n<h2 class=\"inside-home-item__eyebrow\">nosso manifesto<span class=\"dot\">.<\/span><\/h2>\n<p class=\"inside-home-item__bio\">Grandes marcas nascem n\u00e3o do ru\u00eddo, mas da clareza. Nosso manifesto \u00e9 um convite a pensar em marcas com mais ideias, mais prop\u00f3sito e menos excessos.<\/p>\n<h2 class=\"inside-home-item__eyebrow\">nosso time<span class=\"dot\">.<\/span><\/h2>\n<p class=\"inside-home-item__bio\">Nosso est\u00fadio \u00e9 formado por profissionais que acreditam no poder de ideias bem elaboradas. Um est\u00fadio enxuto que re\u00fane talentos e especialidades de acordo com cada projeto.<\/p>\n<\/div>","protected":false},"excerpt":{"rendered":"<p>identity.\u00a0attitude.\u00a0personality. We develop complete communication systems for brands that want to grow consistently. brand architecture. TRANSFORMING IDEAS INTO REAL BRANDS We structure the strategic foundation of the business and translate that structure into a solid, coherent brand, ready for growth. brand identity. LET&#8217;S HELP YOUR BRAND TAKE SHAPE We develop a structured, functional visual system [&hellip;]<\/p>\n","protected":false},"author":1,"featured_media":745,"parent":0,"menu_order":0,"comment_status":"closed","ping_status":"closed","template":"","meta":{"_acf_changed":false,"iawp_total_views":125,"footnotes":""},"class_list":["post-64","page","type-page","status-publish","has-post-thumbnail","hentry"],"acf":[],"_links":{"self":[{"href":"https:\/\/iap-studio.com\/pt\/wp-json\/wp\/v2\/pages\/64","targetHints":{"allow":["GET"]}}],"collection":[{"href":"https:\/\/iap-studio.com\/pt\/wp-json\/wp\/v2\/pages"}],"about":[{"href":"https:\/\/iap-studio.com\/pt\/wp-json\/wp\/v2\/types\/page"}],"author":[{"embeddable":true,"href":"https:\/\/iap-studio.com\/pt\/wp-json\/wp\/v2\/users\/1"}],"replies":[{"embeddable":true,"href":"https:\/\/iap-studio.com\/pt\/wp-json\/wp\/v2\/comments?post=64"}],"version-history":[{"count":3,"href":"https:\/\/iap-studio.com\/pt\/wp-json\/wp\/v2\/pages\/64\/revisions"}],"predecessor-version":[{"id":746,"href":"https:\/\/iap-studio.com\/pt\/wp-json\/wp\/v2\/pages\/64\/revisions\/746"}],"wp:featuredmedia":[{"embeddable":true,"href":"https:\/\/iap-studio.com\/pt\/wp-json\/wp\/v2\/media\/745"}],"wp:attachment":[{"href":"https:\/\/iap-studio.com\/pt\/wp-json\/wp\/v2\/media?parent=64"}],"curies":[{"name":"wp","href":"https:\/\/api.w.org\/{rel}","templated":true}]}}